{"id":1009,"date":"2021-10-29T11:54:05","date_gmt":"2021-10-29T11:54:05","guid":{"rendered":"https:\/\/kits.themecy.com\/learn\/?page_id=5"},"modified":"2023-12-30T23:52:50","modified_gmt":"2023-12-30T22:52:50","slug":"elementor-5","status":"publish","type":"page","link":"https:\/\/frikiyaya.top\/","title":{"rendered":"Twitch"},"content":{"rendered":"\n<div class=\"wp-block-columns is-layout-flex wp-container-core-columns-is-layout-1 wp-block-columns-is-layout-flex\">\n<div class=\"wp-block-column is-layout-flow wp-block-column-is-layout-flow\" style=\"flex-basis:66.66%\">\n<figure class=\"wp-block-image size-large\"><img loading=\"lazy\" decoding=\"async\" width=\"1024\" height=\"313\" src=\"https:\/\/frikiyaya.top\/wp-content\/uploads\/2023\/12\/cropped-cropped-intro-incoming-1024x313.jpg\" alt=\"\" class=\"wp-image-1034\" srcset=\"https:\/\/frikiyaya.top\/wp-content\/uploads\/2023\/12\/cropped-cropped-intro-incoming-1024x313.jpg 1024w, https:\/\/frikiyaya.top\/wp-content\/uploads\/2023\/12\/cropped-cropped-intro-incoming-300x92.jpg 300w, https:\/\/frikiyaya.top\/wp-content\/uploads\/2023\/12\/cropped-cropped-intro-incoming-768x235.jpg 768w, https:\/\/frikiyaya.top\/wp-content\/uploads\/2023\/12\/cropped-cropped-intro-incoming.jpg 1421w\" sizes=\"auto, (max-width: 1024px) 100vw, 1024px\" \/><\/figure>\n<\/div>\n\n\n\n<div class=\"wp-block-column is-layout-flow wp-block-column-is-layout-flow\" style=\"flex-basis:33.33%\">\n<figure class=\"wp-block-image size-large\"><img loading=\"lazy\" decoding=\"async\" width=\"1024\" height=\"445\" src=\"https:\/\/frikiyaya.top\/wp-content\/uploads\/2023\/12\/TwitchPNGImage-1024x445.png\" alt=\"\" class=\"wp-image-1053\" srcset=\"https:\/\/frikiyaya.top\/wp-content\/uploads\/2023\/12\/TwitchPNGImage-1024x445.png 1024w, https:\/\/frikiyaya.top\/wp-content\/uploads\/2023\/12\/TwitchPNGImage-300x130.png 300w, https:\/\/frikiyaya.top\/wp-content\/uploads\/2023\/12\/TwitchPNGImage-768x334.png 768w, https:\/\/frikiyaya.top\/wp-content\/uploads\/2023\/12\/TwitchPNGImage-1536x668.png 1536w, https:\/\/frikiyaya.top\/wp-content\/uploads\/2023\/12\/TwitchPNGImage.png 1877w\" sizes=\"auto, (max-width: 1024px) 100vw, 1024px\" \/><\/figure>\n<\/div>\n<\/div>\n\n\n<style>.kb-row-layout-id1009_008f0f-bd > .kt-row-column-wrap{align-content:start;}:where(.kb-row-layout-id1009_008f0f-bd > .kt-row-column-wrap) > .wp-block-kadence-column{justify-content:start;}.kb-row-layout-id1009_008f0f-bd > .kt-row-column-wrap{column-gap:var(--global-kb-gap-md, 2rem);row-gap:var(--global-kb-gap-md, 2rem);padding-top:var(--global-kb-spacing-xxl, 5rem);padding-bottom:var(--global-kb-spacing-xxl, 5rem);grid-template-columns:minmax(0, calc(70% - ((var(--global-kb-gap-md, 2rem) * 1 )\/2)))minmax(0, calc(30% - ((var(--global-kb-gap-md, 2rem) * 1 )\/2)));}.kb-row-layout-id1009_008f0f-bd > .kt-row-layout-overlay{opacity:0.30;}.kb-row-layout-id1009_008f0f-bd .kt-row-layout-bottom-sep{height:100px;}.kb-row-layout-id1009_008f0f-bd .kt-row-layout-bottom-sep svg{width:100%;}.kb-row-layout-id1009_008f0f-bd .kt-row-layout-bottom-sep svg{fill:#ffffff!important;}.kb-row-layout-id1009_008f0f-bd .kt-row-layout-top-sep{height:100px;}.kb-row-layout-id1009_008f0f-bd .kt-row-layout-top-sep svg{width:100%;}.kb-row-layout-id1009_008f0f-bd .kt-row-layout-top-sep svg{fill:#ffffff!important;}@media all and (max-width: 1024px){.kb-row-layout-id1009_008f0f-bd > .kt-row-column-wrap{grid-template-columns:minmax(0, 2fr) minmax(0, 1fr);}}@media all and (max-width: 1024px){.kb-row-layout-id1009_008f0f-bd .kt-row-layout-bottom-sep{height:px;}}@media all and (max-width: 1024px){.kb-row-layout-id1009_008f0f-bd .kt-row-layout-bottom-sep svg{width:%;}}@media all and (max-width: 767px){.kb-row-layout-id1009_008f0f-bd > .kt-row-column-wrap{grid-template-columns:minmax(0, 1fr);}.kb-row-layout-id1009_008f0f-bd .kt-row-layout-bottom-sep{height:px;}.kb-row-layout-id1009_008f0f-bd .kt-row-layout-bottom-sep svg{width:%;}}<\/style><div class=\"kb-row-layout-wrap kb-row-layout-id1009_008f0f-bd alignnone has-theme-palette3-background-color kt-row-has-bg wp-block-kadence-rowlayout\"><div class=\"kt-row-layout-top-sep kt-row-sep-type-mtns\"><svg viewBox=\"0 0 1000 100\" preserveAspectRatio=\"none\"><path d=\"M1000,50l-182.69,-45.286l-292.031,61.197l-190.875,-41.075l-143.748,28.794l-190.656,-23.63l0,70l1000,0l0,-50Z\" style=\"opacity: 0.4\" \/><path d=\"M1000,57l-152.781,-22.589l-214.383,19.81l-159.318,-21.471l-177.44,25.875l-192.722,5.627l-103.356,-27.275l0,63.023l1000,0l0,-43Z\" \/><\/svg><\/div><div class=\"kt-row-layout-bottom-sep kt-row-sep-type-mtns\"><svg viewBox=\"0 0 1000 100\" preserveAspectRatio=\"none\"><path d=\"M1000,50l-182.69,-45.286l-292.031,61.197l-190.875,-41.075l-143.748,28.794l-190.656,-23.63l0,70l1000,0l0,-50Z\" style=\"opacity: 0.4\" \/><path d=\"M1000,57l-152.781,-22.589l-214.383,19.81l-159.318,-21.471l-177.44,25.875l-192.722,5.627l-103.356,-27.275l0,63.023l1000,0l0,-43Z\" \/><\/svg><\/div><div class=\"kt-row-column-wrap kt-has-2-columns kt-row-layout-left-golden kt-tab-layout-inherit kt-mobile-layout-row kt-row-valign-top\">\n<style>.kadence-column1009_a9410d-03 > .kt-inside-inner-col{display:flex;}.kadence-column1009_a9410d-03 > .kt-inside-inner-col,.kadence-column1009_a9410d-03 > .kt-inside-inner-col:before{border-top-left-radius:0px;border-top-right-radius:0px;border-bottom-right-radius:0px;border-bottom-left-radius:0px;}.kadence-column1009_a9410d-03 > .kt-inside-inner-col{column-gap:var(--global-kb-gap-sm, 1rem);}.kadence-column1009_a9410d-03 > .kt-inside-inner-col{flex-direction:column;justify-content:center;}.kadence-column1009_a9410d-03 > .kt-inside-inner-col > .aligncenter{width:100%;}.kt-row-column-wrap > .kadence-column1009_a9410d-03{align-self:center;}.kt-inner-column-height-full:not(.kt-has-1-columns) > .wp-block-kadence-column.kadence-column1009_a9410d-03{align-self:auto;}.kt-inner-column-height-full:not(.kt-has-1-columns) > .wp-block-kadence-column.kadence-column1009_a9410d-03 > .kt-inside-inner-col{flex-direction:column;justify-content:center;}.kadence-column1009_a9410d-03 > .kt-inside-inner-col:before{opacity:0.3;}.kadence-column1009_a9410d-03{position:relative;}@media all and (max-width: 1024px){.kt-row-column-wrap > .kadence-column1009_a9410d-03{align-self:center;}}@media all and (max-width: 1024px){.kt-inner-column-height-full:not(.kt-has-1-columns) > .wp-block-kadence-column.kadence-column1009_a9410d-03{align-self:auto;}}@media all and (max-width: 1024px){.kt-inner-column-height-full:not(.kt-has-1-columns) > .wp-block-kadence-column.kadence-column1009_a9410d-03 > .kt-inside-inner-col{flex-direction:column;justify-content:center;}}@media all and (max-width: 1024px){.kadence-column1009_a9410d-03 > .kt-inside-inner-col{flex-direction:column;justify-content:center;}}@media all and (max-width: 767px){.kt-row-column-wrap > .kadence-column1009_a9410d-03{align-self:center;}.kt-inner-column-height-full:not(.kt-has-1-columns) > .wp-block-kadence-column.kadence-column1009_a9410d-03{align-self:auto;}.kt-inner-column-height-full:not(.kt-has-1-columns) > .wp-block-kadence-column.kadence-column1009_a9410d-03 > .kt-inside-inner-col{flex-direction:column;justify-content:center;}.kadence-column1009_a9410d-03 > .kt-inside-inner-col{flex-direction:column;justify-content:center;}}<\/style>\n<div class=\"wp-block-kadence-column kadence-column1009_a9410d-03\"><div class=\"kt-inside-inner-col\">\n<div class=\"wp-block-straightvisions-twitch-stream\"><iframe loading=\"lazy\" src=\"https:\/\/player.twitch.tv\/?channel=Frikiyayers&amp;parent=frikiyaya.top&amp;autoplay=true&amp;allowfullscreen=true\" frameborder=\"0\" allowfullscreen scrolling=\"no\" height=\"378\" width=\"620\"><\/iframe><\/div>\n<\/div><\/div>\n\n\n<style>.kadence-column1009_4b1a6c-04 > .kt-inside-inner-col{display:flex;}.kadence-column1009_4b1a6c-04 > .kt-inside-inner-col,.kadence-column1009_4b1a6c-04 > .kt-inside-inner-col:before{border-top-left-radius:0px;border-top-right-radius:0px;border-bottom-right-radius:0px;border-bottom-left-radius:0px;}.kadence-column1009_4b1a6c-04 > .kt-inside-inner-col{column-gap:var(--global-kb-gap-sm, 1rem);}.kadence-column1009_4b1a6c-04 > .kt-inside-inner-col{flex-direction:column;justify-content:center;}.kadence-column1009_4b1a6c-04 > .kt-inside-inner-col > .aligncenter{width:100%;}.kt-row-column-wrap > .kadence-column1009_4b1a6c-04{align-self:center;}.kt-inner-column-height-full:not(.kt-has-1-columns) > .wp-block-kadence-column.kadence-column1009_4b1a6c-04{align-self:auto;}.kt-inner-column-height-full:not(.kt-has-1-columns) > .wp-block-kadence-column.kadence-column1009_4b1a6c-04 > .kt-inside-inner-col{flex-direction:column;justify-content:center;}.kadence-column1009_4b1a6c-04 > .kt-inside-inner-col:before{opacity:0.3;}.kadence-column1009_4b1a6c-04{position:relative;}@media all and (max-width: 1024px){.kt-row-column-wrap > .kadence-column1009_4b1a6c-04{align-self:center;}}@media all and (max-width: 1024px){.kt-inner-column-height-full:not(.kt-has-1-columns) > .wp-block-kadence-column.kadence-column1009_4b1a6c-04{align-self:auto;}}@media all and (max-width: 1024px){.kt-inner-column-height-full:not(.kt-has-1-columns) > .wp-block-kadence-column.kadence-column1009_4b1a6c-04 > .kt-inside-inner-col{flex-direction:column;justify-content:center;}}@media all and (max-width: 1024px){.kadence-column1009_4b1a6c-04 > .kt-inside-inner-col{flex-direction:column;justify-content:center;}}@media all and (max-width: 767px){.kt-row-column-wrap > .kadence-column1009_4b1a6c-04{align-self:center;}.kt-inner-column-height-full:not(.kt-has-1-columns) > .wp-block-kadence-column.kadence-column1009_4b1a6c-04{align-self:auto;}.kt-inner-column-height-full:not(.kt-has-1-columns) > .wp-block-kadence-column.kadence-column1009_4b1a6c-04 > .kt-inside-inner-col{flex-direction:column;justify-content:center;}.kadence-column1009_4b1a6c-04 > .kt-inside-inner-col{flex-direction:column;justify-content:center;}}<\/style>\n<div class=\"wp-block-kadence-column kadence-column1009_4b1a6c-04\"><div class=\"kt-inside-inner-col\">\n<p class=\"has-theme-palette-2-color has-text-color has-link-color wp-elements-3abe0e0ef747e7f4556e300b95b991eb\">Muy buenas Frikiyayers! todos los lunes y algunos martes a las 20:00 horas, har\u00e9 directo en Twitch. <\/p>\n\n\n\n<p class=\"has-theme-palette-2-color has-text-color has-link-color wp-elements-b82c66de0b6a15860aa1ddc702f98151\">No falten a la cita y no dejes de seguirme. No cuesta nada y a mi me ayuda much\u00edsimo. <\/p>\n\n\n<style>.wp-block-kadence-advancedbtn.kb-btns1009_f442f3-e1{gap:var(--global-kb-gap-xs, 0.5rem );justify-content:center;align-items:center;}.kt-btns1009_f442f3-e1 .kt-button{font-weight:normal;font-style:normal;}.kt-btns1009_f442f3-e1 .kt-btn-wrap-0{margin-right:5px;}.wp-block-kadence-advancedbtn.kt-btns1009_f442f3-e1 .kt-btn-wrap-0 .kt-button{color:#555555;border-color:#555555;}.wp-block-kadence-advancedbtn.kt-btns1009_f442f3-e1 .kt-btn-wrap-0 .kt-button:hover, .wp-block-kadence-advancedbtn.kt-btns1009_f442f3-e1 .kt-btn-wrap-0 .kt-button:focus{color:#ffffff;border-color:#444444;}.wp-block-kadence-advancedbtn.kt-btns1009_f442f3-e1 .kt-btn-wrap-0 .kt-button::before{display:none;}.wp-block-kadence-advancedbtn.kt-btns1009_f442f3-e1 .kt-btn-wrap-0 .kt-button:hover, .wp-block-kadence-advancedbtn.kt-btns1009_f442f3-e1 .kt-btn-wrap-0 .kt-button:focus{background:#444444;}<\/style>\n<div class=\"wp-block-kadence-advancedbtn kb-buttons-wrap kb-btns1009_f442f3-e1\"><style>ul.menu .wp-block-kadence-advancedbtn .kb-btn1009_2bb7e8-fb.kb-button{width:initial;}.wp-block-kadence-advancedbtn .kb-btn1009_2bb7e8-fb.kb-button{border-top-left-radius:20px;border-bottom-right-radius:20px;box-shadow:1px 1px 2px 0px var(--global-palette3, #1A202C);}.kb-btn1009_2bb7e8-fb.kb-button .kb-svg-icon-wrap{font-size:39px;--kb-button-icon-size:39px;}<\/style><a class=\"kb-button kt-button button kb-btn1009_2bb7e8-fb kt-btn-size-standard kt-btn-width-type-auto kb-btn-global-fill  kt-btn-has-text-true kt-btn-has-svg-true  wp-block-kadence-singlebtn\" href=\"https:\/\/www.twitch.tv\/frikiyayers\" target=\"_blank\" rel=\"noreferrer noopener\"><span class=\"kt-btn-inner-text\">sigueme en<\/span><span class=\"kb-svg-icon-wrap kb-svg-icon-fa_twitch kt-btn-icon-side-right\"><svg viewBox=\"0 0 512 512\"  fill=\"currentColor\" xmlns=\"http:\/\/www.w3.org\/2000\/svg\"  aria-hidden=\"true\"><path d=\"M391.17,103.47H352.54v109.7h38.63ZM285,103H246.37V212.75H285ZM120.83,0,24.31,91.42V420.58H140.14V512l96.53-91.42h77.25L487.69,256V0ZM449.07,237.75l-77.22,73.12H294.61l-67.6,64v-64H140.14V36.58H449.07Z\"\/><\/svg><\/span><\/a><\/div>\n<\/div><\/div>\n\n<\/div><\/div>\n\n<style>.kb-row-layout-id1009_c10394-99 > .kt-row-column-wrap{align-content:start;}:where(.kb-row-layout-id1009_c10394-99 > .kt-row-column-wrap) > .wp-block-kadence-column{justify-content:start;}.kb-row-layout-id1009_c10394-99 > .kt-row-column-wrap{column-gap:var(--global-kb-gap-md, 2rem);row-gap:var(--global-kb-gap-md, 2rem);padding-top:var(--global-kb-spacing-xxl, 5rem);padding-bottom:var(--global-kb-spacing-xxl, 5rem);grid-template-columns:minmax(0, 1fr);}.kb-row-layout-id1009_c10394-99 > .kt-row-layout-overlay{opacity:0.30;}.kb-row-layout-id1009_c10394-99 .kt-row-layout-bottom-sep{height:100px;}.kb-row-layout-id1009_c10394-99 .kt-row-layout-bottom-sep svg{width:100%;}.kb-row-layout-id1009_c10394-99 .kt-row-layout-bottom-sep svg{fill:#ffffff!important;}.kb-row-layout-id1009_c10394-99 .kt-row-layout-top-sep{height:100px;}.kb-row-layout-id1009_c10394-99 .kt-row-layout-top-sep svg{width:100%;}.kb-row-layout-id1009_c10394-99 .kt-row-layout-top-sep svg{fill:#ffffff!important;}@media all and (max-width: 1024px){.kb-row-layout-id1009_c10394-99 > .kt-row-column-wrap{grid-template-columns:minmax(0, 1fr);}}@media all and (max-width: 1024px){.kb-row-layout-id1009_c10394-99 .kt-row-layout-bottom-sep{height:px;}}@media all and (max-width: 1024px){.kb-row-layout-id1009_c10394-99 .kt-row-layout-bottom-sep svg{width:%;}}@media all and (max-width: 767px){.kb-row-layout-id1009_c10394-99 > .kt-row-column-wrap{grid-template-columns:minmax(0, 1fr);}.kb-row-layout-id1009_c10394-99 .kt-row-layout-bottom-sep{height:px;}.kb-row-layout-id1009_c10394-99 .kt-row-layout-bottom-sep svg{width:%;}}<\/style><div class=\"kb-row-layout-wrap kb-row-layout-id1009_c10394-99 alignnone has-theme-palette3-background-color kt-row-has-bg wp-block-kadence-rowlayout\"><div class=\"kt-row-layout-top-sep kt-row-sep-type-mtns\"><svg viewBox=\"0 0 1000 100\" preserveAspectRatio=\"none\"><path d=\"M1000,50l-182.69,-45.286l-292.031,61.197l-190.875,-41.075l-143.748,28.794l-190.656,-23.63l0,70l1000,0l0,-50Z\" style=\"opacity: 0.4\" \/><path d=\"M1000,57l-152.781,-22.589l-214.383,19.81l-159.318,-21.471l-177.44,25.875l-192.722,5.627l-103.356,-27.275l0,63.023l1000,0l0,-43Z\" \/><\/svg><\/div><div class=\"kt-row-layout-bottom-sep kt-row-sep-type-mtns\"><svg viewBox=\"0 0 1000 100\" preserveAspectRatio=\"none\"><path d=\"M1000,50l-182.69,-45.286l-292.031,61.197l-190.875,-41.075l-143.748,28.794l-190.656,-23.63l0,70l1000,0l0,-50Z\" style=\"opacity: 0.4\" \/><path d=\"M1000,57l-152.781,-22.589l-214.383,19.81l-159.318,-21.471l-177.44,25.875l-192.722,5.627l-103.356,-27.275l0,63.023l1000,0l0,-43Z\" \/><\/svg><\/div><div class=\"kt-row-column-wrap kt-has-1-columns kt-row-layout-equal kt-tab-layout-inherit kt-mobile-layout-row kt-row-valign-top\">\n<style>.kadence-column1009_62176e-99 > .kt-inside-inner-col,.kadence-column1009_62176e-99 > .kt-inside-inner-col:before{border-top-left-radius:0px;border-top-right-radius:0px;border-bottom-right-radius:0px;border-bottom-left-radius:0px;}.kadence-column1009_62176e-99 > .kt-inside-inner-col{column-gap:var(--global-kb-gap-sm, 1rem);}.kadence-column1009_62176e-99 > .kt-inside-inner-col{flex-direction:column;}.kadence-column1009_62176e-99 > .kt-inside-inner-col > .aligncenter{width:100%;}.kadence-column1009_62176e-99 > .kt-inside-inner-col:before{opacity:0.3;}.kadence-column1009_62176e-99{position:relative;}@media all and (max-width: 1024px){.kadence-column1009_62176e-99 > .kt-inside-inner-col{flex-direction:column;justify-content:center;}}@media all and (max-width: 767px){.kadence-column1009_62176e-99 > .kt-inside-inner-col{flex-direction:column;justify-content:center;}}<\/style>\n<div class=\"wp-block-kadence-column kadence-column1009_62176e-99\"><div class=\"kt-inside-inner-col\">\n<p class=\"has-theme-palette-9-color has-text-color has-link-color wp-elements-311d5d2d5501bb180b74f9b8e0211dc8\">La <mark style=\"background-color:rgba(0, 0, 0, 0)\" class=\"has-inline-color has-theme-palette-1-color\"><strong>Abuela Gamer<\/strong><\/mark> mas loca del Fortnite centraliza todas sus redes en esta web, as\u00ed no se l\u00eda cada vez que tiene que gritar \u00abSUSCRIBETEEEEEEEE!!! y dale a la campanita\u00bb<\/p>\n<\/div><\/div>\n\n<\/div><\/div>","protected":false},"excerpt":{"rendered":"<p>Muy buenas Frikiyayers! todos los lunes y algunos martes a las 20:00 horas, har\u00e9 directo en Twitch. No falten a la cita y no dejes de seguirme. No cuesta nada y a mi me ayuda much\u00edsimo. La Abuela Gamer mas loca del Fortnite centraliza todas sus redes en esta web, as\u00ed no se l\u00eda cada&#8230;<\/p>\n","protected":false},"author":1,"featured_media":0,"parent":0,"menu_order":0,"comment_status":"closed","ping_status":"closed","template":"","meta":{"_kadence_starter_templates_imported_post":true,"_kad_post_transparent":"","_kad_post_title":"hide","_kad_post_layout":"narrow","_kad_post_sidebar_id":"","_kad_post_content_style":"unboxed","_kad_post_vertical_padding":"hide","_kad_post_feature":"hide","_kad_post_feature_position":"","_kad_post_header":false,"_kad_post_footer":false,"footnotes":""},"class_list":["post-1009","page","type-page","status-publish","hentry"],"_links":{"self":[{"href":"https:\/\/frikiyaya.top\/index.php\/wp-json\/wp\/v2\/pages\/1009","targetHints":{"allow":["GET"]}}],"collection":[{"href":"https:\/\/frikiyaya.top\/index.php\/wp-json\/wp\/v2\/pages"}],"about":[{"href":"https:\/\/frikiyaya.top\/index.php\/wp-json\/wp\/v2\/types\/page"}],"author":[{"embeddable":true,"href":"https:\/\/frikiyaya.top\/index.php\/wp-json\/wp\/v2\/users\/1"}],"replies":[{"embeddable":true,"href":"https:\/\/frikiyaya.top\/index.php\/wp-json\/wp\/v2\/comments?post=1009"}],"version-history":[{"count":21,"href":"https:\/\/frikiyaya.top\/index.php\/wp-json\/wp\/v2\/pages\/1009\/revisions"}],"predecessor-version":[{"id":1097,"href":"https:\/\/frikiyaya.top\/index.php\/wp-json\/wp\/v2\/pages\/1009\/revisions\/1097"}],"wp:attachment":[{"href":"https:\/\/frikiyaya.top\/index.php\/wp-json\/wp\/v2\/media?parent=1009"}],"curies":[{"name":"wp","href":"https:\/\/api.w.org\/{rel}","templated":true}]}}